{"id":401,"date":"2023-10-04T16:10:48","date_gmt":"2023-10-04T14:10:48","guid":{"rendered":"https:\/\/certifenergy.fr\/?page_id=401"},"modified":"2024-09-23T17:52:10","modified_gmt":"2024-09-23T15:52:10","slug":"mentions-legales","status":"publish","type":"page","link":"https:\/\/eco-ingenierie.fr\/index.php\/mentions-legales\/","title":{"rendered":"mentions le\u0301gales"},"content":{"rendered":"\t\t<div data-elementor-type=\"wp-page\" data-elementor-id=\"401\" class=\"elementor elementor-401\" data-elementor-post-type=\"page\">\n\t\t\t\t\t\t\t<div class=\"elementor-element elementor-element-6c66427 e-flex e-con-boxed e-con e-parent\" data-id=\"6c66427\" data-element_type=\"container\" data-settings=\"{&quot;background_background&quot;:&quot;classic&quot;,&quot;content_width&quot;:&quot;boxed&quot;}\" data-core-v316-plus=\"true\">\n\t\t\t\t\t<div class=\"e-con-inner\">\n\t\t\t\t<div class=\"elementor-element elementor-element-3bae9b97 elementor-widget elementor-widget-heading\" data-id=\"3bae9b97\" data-element_type=\"widget\" data-widget_type=\"heading.default\">\n\t\t\t\t<div class=\"elementor-widget-container\">\n\t\t\t<style>\/*! elementor - v3.17.0 - 08-11-2023 *\/\n.elementor-heading-title{padding:0;margin:0;line-height:1}.elementor-widget-heading .elementor-heading-title[class*=elementor-size-]>a{color:inherit;font-size:inherit;line-height:inherit}.elementor-widget-heading .elementor-heading-title.elementor-size-small{font-size:15px}.elementor-widget-heading .elementor-heading-title.elementor-size-medium{font-size:19px}.elementor-widget-heading .elementor-heading-title.elementor-size-large{font-size:29px}.elementor-widget-heading .elementor-heading-title.elementor-size-xl{font-size:39px}.elementor-widget-heading .elementor-heading-title.elementor-size-xxl{font-size:59px}<\/style><h1 class=\"elementor-heading-title elementor-size-default\">mentions le\u0301gales <\/h1>\t\t<\/div>\n\t\t\t\t<\/div>\n\t\t\t\t\t<\/div>\n\t\t\t\t<\/div>\n\t\t<div class=\"elementor-element elementor-element-169fa7d0 e-flex e-con-boxed e-con e-parent\" data-id=\"169fa7d0\" data-element_type=\"container\" data-settings=\"{&quot;content_width&quot;:&quot;boxed&quot;}\" data-core-v316-plus=\"true\">\n\t\t\t\t\t<div class=\"e-con-inner\">\n\t\t<div class=\"elementor-element elementor-element-14f0f255 e-con-full e-flex e-con e-child\" data-id=\"14f0f255\" data-element_type=\"container\" data-settings=\"{&quot;content_width&quot;:&quot;full&quot;}\">\n\t\t\t\t<div class=\"elementor-element elementor-element-433865d3 elementor-widget elementor-widget-text-editor\" data-id=\"433865d3\" data-element_type=\"widget\" data-widget_type=\"text-editor.default\">\n\t\t\t\t<div class=\"elementor-widget-container\">\n\t\t\t<style>\/*! elementor - v3.17.0 - 08-11-2023 *\/\n.elementor-widget-text-editor.elementor-drop-cap-view-stacked .elementor-drop-cap{background-color:#69727d;color:#fff}.elementor-widget-text-editor.elementor-drop-cap-view-framed .elementor-drop-cap{color:#69727d;border:3px solid;background-color:transparent}.elementor-widget-text-editor:not(.elementor-drop-cap-view-default) .elementor-drop-cap{margin-top:8px}.elementor-widget-text-editor:not(.elementor-drop-cap-view-default) .elementor-drop-cap-letter{width:1em;height:1em}.elementor-widget-text-editor .elementor-drop-cap{float:left;text-align:center;line-height:1;font-size:50px}.elementor-widget-text-editor .elementor-drop-cap-letter{display:inline-block}<\/style>\t\t\t\t<section class=\"ob-is-breaking-bad ob-bb-inner elementor-section elementor-inner-section elementor-element elementor-element-fa9bd48 elementor-section-boxed elementor-section-height-default elementor-section-height-default\" data-particle_enable=\"false\" data-particle-mobile-disabled=\"false\" data-id=\"fa9bd48\" data-element_type=\"section\" data-settings=\"{&quot;jet_parallax_layout_list&quot;:[],&quot;_ob_bbad_use_it&quot;:&quot;yes&quot;,&quot;_ob_bbad_sssic_use&quot;:&quot;no&quot;,&quot;_ob_glider_is_slider&quot;:&quot;no&quot;}\">\n<div class=\"elementor-container elementor-column-gap-default\">\n<div class=\"elementor-row\">\n<div class=\"elementor-column elementor-col-100 elementor-inner-column elementor-element elementor-element-58d7208\" data-id=\"58d7208\" data-element_type=\"column\" data-settings=\"{&quot;_ob_bbad_is_stalker&quot;:&quot;no&quot;,&quot;_ob_teleporter_use&quot;:false,&quot;_ob_column_hoveranimator&quot;:&quot;no&quot;,&quot;_ob_column_has_pseudo&quot;:&quot;no&quot;}\">\n<div class=\"elementor-column-wrap elementor-element-populated\">\n<div class=\"elementor-widget-wrap\">\n<div class=\"elementor-element elementor-element-82932be ob-harakiri-inherit ob-has-background-overlay elementor-widget elementor-widget-text-editor ob-harakiri\" data-id=\"82932be\" data-element_type=\"widget\" data-settings=\"{&quot;_ob_use_harakiri&quot;:&quot;yes&quot;,&quot;_ob_harakiri_writing_mode&quot;:&quot;inherit&quot;,&quot;_ob_postman_use&quot;:&quot;no&quot;,&quot;_ob_perspektive_use&quot;:&quot;no&quot;,&quot;_ob_poopart_use&quot;:&quot;yes&quot;,&quot;_ob_shadough_use&quot;:&quot;no&quot;,&quot;_ob_allow_hoveranimator&quot;:&quot;no&quot;,&quot;_ob_widget_stalker_use&quot;:&quot;no&quot;}\" data-widget_type=\"text-editor.default\">\n<div class=\"elementor-widget-container\">\n<div class=\"elementor-text-editor elementor-clearfix\">\n<section class=\"ob-is-breaking-bad ob-bb-inner elementor-section elementor-inner-section elementor-element elementor-element-fa9bd48 elementor-section-boxed elementor-section-height-default elementor-section-height-default\" data-particle_enable=\"false\" data-particle-mobile-disabled=\"false\" data-id=\"fa9bd48\" data-element_type=\"section\" data-settings=\"{&quot;jet_parallax_layout_list&quot;:[],&quot;_ob_bbad_use_it&quot;:&quot;yes&quot;,&quot;_ob_bbad_sssic_use&quot;:&quot;no&quot;,&quot;_ob_glider_is_slider&quot;:&quot;no&quot;}\">\n<div class=\"elementor-container elementor-column-gap-default\">\n<div class=\"elementor-row\">\n<div class=\"elementor-column elementor-col-100 elementor-inner-column elementor-element elementor-element-58d7208\" data-id=\"58d7208\" data-element_type=\"column\" data-settings=\"{&quot;_ob_bbad_is_stalker&quot;:&quot;no&quot;,&quot;_ob_teleporter_use&quot;:false,&quot;_ob_column_hoveranimator&quot;:&quot;no&quot;,&quot;_ob_column_has_pseudo&quot;:&quot;no&quot;}\">\n<div class=\"elementor-column-wrap elementor-element-populated\">\n<div class=\"elementor-widget-wrap\">\n<div class=\"elementor-element elementor-element-82932be ob-harakiri-inherit ob-has-background-overlay elementor-widget elementor-widget-text-editor ob-harakiri\" data-id=\"82932be\" data-element_type=\"widget\" data-settings=\"{&quot;_ob_use_harakiri&quot;:&quot;yes&quot;,&quot;_ob_harakiri_writing_mode&quot;:&quot;inherit&quot;,&quot;_ob_postman_use&quot;:&quot;no&quot;,&quot;_ob_perspektive_use&quot;:&quot;no&quot;,&quot;_ob_poopart_use&quot;:&quot;yes&quot;,&quot;_ob_shadough_use&quot;:&quot;no&quot;,&quot;_ob_allow_hoveranimator&quot;:&quot;no&quot;,&quot;_ob_widget_stalker_use&quot;:&quot;no&quot;}\" data-widget_type=\"text-editor.default\">\n<div class=\"elementor-widget-container\">\n<div class=\"elementor-text-editor elementor-clearfix\">\n<p><strong>1. Pr\u00e9sentation<\/strong><\/p>\n<p>Conform\u00e9ment \u00e0 la loi n\u00b0 2004-2005 du 21 juin 2004 pour la confiance dans l\u2019\u00e9conomie num\u00e9rique, notre site web cr\u00e9\u00e9 par ECO INGENIERIE &nbsp;propri\u00e9taire du site eco-ingenierie.<a href=\"https:\/\/eco-ingenierie.fr\/\">fr<\/a>, met \u00e0 disposition du public les informations concernant notre entreprise. Eventuellement modifiables, nous vous invitons donc \u00e0 consulter nos mentions l\u00e9gales le plus souvent possible, de mani\u00e8re \u00e0 en prendre connaissance fr\u00e9quemment<\/p>\n<p>Le site eco-ingenierie.fr&nbsp;appartient \u00e0 ECO INGENIERIE &nbsp;dont le si\u00e8ge social est situ\u00e9 \u00e0 10 rue de Penthi\u00e8vre, 75008 Paris<\/p>\n<p>Personne physique ou morale, est responsable de la publication, dont l\u2019adresse e-mail est la suivante : contact@eco-ingenierie.fr<\/p>\n<p>Le webmaster est responsable de l\u2019administration du site, dont l\u2019adresse e-mail est la suivante : contact@eco-ingenierie.fr<\/p>\n<p>Le site eco-ingenierie.fr est h\u00e9berg\u00e9 par Hostinger.<\/p>\n<p><strong>2. Conditions g\u00e9n\u00e9rales d\u2019utilisation du site et des services propos\u00e9s.<\/strong><\/p>\n<p>En utilisant notre site web, vous acceptez pleinement et enti\u00e8rement les conditions g\u00e9n\u00e9rales d\u2019utilisation pr\u00e9cis\u00e9es dans nos mentions l\u00e9gales. Accessible \u00e0 tout type de visiteurs, il est important de pr\u00e9ciser toutefois qu\u2019une interruption pour maintenance du site web peut-\u00eatre d\u00e9cid\u00e9e par contact@eco-ingenierie.fr. Les dates et heures d\u2019interruptions seront n\u00e9anmoins pr\u00e9cis\u00e9es \u00e0 l\u2019avance aux utilisateurs.<\/p>\n<p><strong>3. Les produits ou services propos\u00e9s par ECO INGENIERIE<\/strong><\/p>\n<p>En accord avec sa politique de communication, le site a pour vocation d\u2019informer les utilisateurs sur les services propos\u00e9s par ECO INGENIERIE, qui s\u2019efforce alors de fournir des informations pr\u00e9cises sur son activit\u00e9. Cependant, des inexactitudes ou des omissions peuvent exister : la soci\u00e9t\u00e9 ne pourra en aucun cas \u00eatre tenue pour responsable pour toute erreur pr\u00e9sente sur le site<\/p>\n<p><strong>4. Limitations contractuelles<\/strong><\/p>\n<p>Les informations retranscrites sur notre site web font l\u2019objet de d\u00e9marches qualitatives, en vue de nous assurer de leur fiabilit\u00e9. Cependant, nous ne pourrons encourir de responsabilit\u00e9s en cas d\u2019inexactitudes techniques lors de nos explications.<\/p>\n<p>Si vous constatez une erreur concernant des informations que nous auront pu omettre, n\u2019h\u00e9sitez pas \u00e0 nous le signaler par mail \u00e0 contact@eco-ingenierie.fr<\/p>\n<p>Les liens reli\u00e9s directement ou indirectement \u00e0 notre site web ne sont pas sous le contr\u00f4le de notre soci\u00e9t\u00e9. Par cons\u00e9quent, nous ne pouvons nous assurer de l\u2019exactitude des informations pr\u00e9sentes sur ces autres sites Internet.<\/p>\n<p>Utilisant la technologie JavaScript, le site ne pourra \u00eatre tenu pour responsable en cas de dommages mat\u00e9riels li\u00e9s \u00e0 son utilisation. Par ailleurs, toute autre type de cons\u00e9quence li\u00e9e \u00e0 l\u2019exploitation du site, qu\u2019elle soit directe ou indirecte (bug, incompatibilit\u00e9, virus, perte de march\u00e9, etc.).<\/p>\n<p><strong>5. Propri\u00e9t\u00e9 intellectuelle et contenu du site Internet<\/strong><\/p>\n<p>Le contenu r\u00e9dactionnel du site web appartient exclusivement \u00e0 ECO INGENIERIE. Toute violation des droits d\u2019auteur est sanctionn\u00e9e par l\u2019article L.335-2 du Code de la Propri\u00e9t\u00e9 Intellectuelle, avec une peine encourue de 2 ans d\u2019emprisonnement et de 150 000\u20ac d\u2019amende<\/p>\n<p>Le site ne pourra \u00eatre mis en cause en cas de propos injurieux, \u00e0 caract\u00e8re raciste, diffamant ou pornographique, \u00e9chang\u00e9s sur les espaces interactifs. La soci\u00e9t\u00e9 se r\u00e9serve \u00e9galement le droit de supprimer tout contenu contraire aux valeurs de l\u2019entreprise ou \u00e0 la l\u00e9gislation applicable en France.<\/p>\n<p>En naviguant sur le site, l\u2019utilisateur accepte \u00e9galement l\u2019installation de cookies \u00e9ventuelle sur son ordinateur.<\/p>\n<p><strong>6. Donn\u00e9es personnelles, respect de votre vie priv\u00e9e et de vos libert\u00e9s<\/strong><\/p>\n<p>Toute informations recueillie sur le site web se font dans le cadre des besoins li\u00e9s \u00e0 l\u2019utilisation de notre plateforme, tel que le formulaire de contact.<\/p>\n<p>Certifenergy s\u2019engage \u00e0 ne c\u00e9der en aucun cas les informations concernant les utilisateurs du site Internet, de quelque fa\u00e7on qu\u2019il soit (vente, \u00e9change, pr\u00eat, location, don).<\/p>\n<p>Conform\u00e9ment \u00e0 la loi \u00ab informatique et libert\u00e9s \u00bb du 6 janvier 1978 modifi\u00e9e en 2004, l\u2019utilisateur b\u00e9n\u00e9ficie d\u2019un droit d\u2019acc\u00e8s et de rectification aux informations le concernant, droit qu\u2019il peut exercer \u00e0 tout moment en adressant un mail \u00e0 l\u2019adresse contact@eco-ingenierie.fr.<\/p>\n<p><strong>7. Droit applicable et lois concern\u00e9es<\/strong><\/p>\n<p>Soumis au droit fran\u00e7ais, le site web est encadr\u00e9 par la loi n\u00b0 2004-2005 du 21 juin 2004 pour la confiance dans l\u2019\u00e9conomie num\u00e9rique, l\u2019article L.335-2 du Code de la Propri\u00e9t\u00e9 Intellectuelle et la loi \u00ab informatique et libert\u00e9s \u00bb du 6 janvier 1978 modifi\u00e9e en 2004.<\/p>\n<\/div>\n<\/div>\n<\/div>\n<\/div>\n<\/div>\n<\/div>\n<\/div>\n<\/div>\n<\/section>\n<\/div>\n<\/div>\n<\/div>\n<\/div>\n<\/div>\n<\/div>\n<\/div>\n<\/div>\n<\/section>\t\t\t\t\t\t<\/div>\n\t\t\t\t<\/div>\n\t\t\t\t<\/div>\n\t\t\t\t\t<\/div>\n\t\t\t\t<\/div>\n\t\t\t\t\t\t\t<\/div>\n\t\t","protected":false},"excerpt":{"rendered":"<p>mentions le\u0301gales 1. Pr\u00e9sentation Conform\u00e9ment \u00e0 la loi n\u00b0 2004-2005 du 21 juin 2004 pour la confiance dans l\u2019\u00e9conomie num\u00e9rique, notre site web cr\u00e9\u00e9 par ECO INGENIERIE &nbsp;propri\u00e9taire du site eco-ingenierie.fr, met \u00e0 disposition du public les informations concernant notre entreprise. Eventuellement modifiables, nous vous invitons donc \u00e0 consulter nos mentions l\u00e9gales le plus souvent [&hellip;]<\/p>\n","protected":false},"author":1,"featured_media":0,"parent":0,"menu_order":0,"comment_status":"closed","ping_status":"closed","template":"","meta":{"footnotes":""},"_links":{"self":[{"href":"https:\/\/eco-ingenierie.fr\/index.php\/wp-json\/wp\/v2\/pages\/401"}],"collection":[{"href":"https:\/\/eco-ingenierie.fr\/index.php\/wp-json\/wp\/v2\/pages"}],"about":[{"href":"https:\/\/eco-ingenierie.fr\/index.php\/wp-json\/wp\/v2\/types\/page"}],"author":[{"embeddable":true,"href":"https:\/\/eco-ingenierie.fr\/index.php\/wp-json\/wp\/v2\/users\/1"}],"replies":[{"embeddable":true,"href":"https:\/\/eco-ingenierie.fr\/index.php\/wp-json\/wp\/v2\/comments?post=401"}],"version-history":[{"count":13,"href":"https:\/\/eco-ingenierie.fr\/index.php\/wp-json\/wp\/v2\/pages\/401\/revisions"}],"predecessor-version":[{"id":866,"href":"https:\/\/eco-ingenierie.fr\/index.php\/wp-json\/wp\/v2\/pages\/401\/revisions\/866"}],"wp:attachment":[{"href":"https:\/\/eco-ingenierie.fr\/index.php\/wp-json\/wp\/v2\/media?parent=401"}],"curies":[{"name":"wp","href":"https:\/\/api.w.org\/{rel}","templated":true}]}}